{"id":9,"date":"2014-02-03T21:31:51","date_gmt":"2014-02-03T21:31:51","guid":{"rendered":"http:\/\/www.christinemirgalet.com\/?page_id=9"},"modified":"2024-04-17T08:02:25","modified_gmt":"2024-04-17T08:02:25","slug":"a-propos","status":"publish","type":"page","link":"https:\/\/www.christinemirgalet.com\/?page_id=9","title":{"rendered":"Biographie \/ About me"},"content":{"rendered":"<p style=\"padding-left: 60px;\"><span style=\"color: #ccffff;\"><strong style=\"font-size: inherit;\">Christine MIRGALET \u00a0<\/strong><\/span><strong><span style=\"font-size: medium;\"> <img loading=\"lazy\" decoding=\"async\" class=\"alignright  wp-image-1671\" src=\"https:\/\/www.christinemirgalet.com\/wp-content\/uploads\/2020\/11\/IMG_20201112_120713-scaled-e1606137237288-300x238.jpg\" alt=\"\" width=\"336\" height=\"267\" srcset=\"https:\/\/www.christinemirgalet.com\/wp-content\/uploads\/2020\/11\/IMG_20201112_120713-scaled-e1606137237288-300x238.jpg 300w, https:\/\/www.christinemirgalet.com\/wp-content\/uploads\/2020\/11\/IMG_20201112_120713-scaled-e1606137237288-1024x811.jpg 1024w, https:\/\/www.christinemirgalet.com\/wp-content\/uploads\/2020\/11\/IMG_20201112_120713-scaled-e1606137237288-768x608.jpg 768w, https:\/\/www.christinemirgalet.com\/wp-content\/uploads\/2020\/11\/IMG_20201112_120713-scaled-e1606137237288-1536x1216.jpg 1536w, https:\/\/www.christinemirgalet.com\/wp-content\/uploads\/2020\/11\/IMG_20201112_120713-scaled-e1606137237288-2048x1622.jpg 2048w, https:\/\/www.christinemirgalet.com\/wp-content\/uploads\/2020\/11\/IMG_20201112_120713-scaled-e1606137237288-150x120.jpg 150w, https:\/\/www.christinemirgalet.com\/wp-content\/uploads\/2020\/11\/IMG_20201112_120713-scaled-e1606137237288-600x475.jpg 600w\" sizes=\"auto, (max-width: 336px) 100vw, 336px\" \/><img loading=\"lazy\" decoding=\"async\" class=\" wp-image-2868 alignleft\" src=\"https:\/\/www.christinemirgalet.com\/wp-content\/uploads\/2022\/05\/Capture-decran-2022-05-29-a-19.18.14-300x236.png\" alt=\"\" width=\"264\" height=\"208\" srcset=\"https:\/\/www.christinemirgalet.com\/wp-content\/uploads\/2022\/05\/Capture-decran-2022-05-29-a-19.18.14-300x236.png 300w, https:\/\/www.christinemirgalet.com\/wp-content\/uploads\/2022\/05\/Capture-decran-2022-05-29-a-19.18.14-1024x804.png 1024w, https:\/\/www.christinemirgalet.com\/wp-content\/uploads\/2022\/05\/Capture-decran-2022-05-29-a-19.18.14-768x603.png 768w, https:\/\/www.christinemirgalet.com\/wp-content\/uploads\/2022\/05\/Capture-decran-2022-05-29-a-19.18.14-600x471.png 600w, https:\/\/www.christinemirgalet.com\/wp-content\/uploads\/2022\/05\/Capture-decran-2022-05-29-a-19.18.14.png 1226w\" sizes=\"auto, (max-width: 264px) 100vw, 264px\" \/><br \/>\n<\/span><\/strong><\/p>\n<p><span style=\"color: #ffffff;\"><strong><em>25\/02\/1953<\/em><\/strong><\/span><\/p>\n<p><span style=\"color: #999999;\">.<\/span><\/p>\n<p><span style=\"color: #999999;\">.<\/span><\/p>\n<p><span style=\"color: #999999;\">.<\/span><\/p>\n<p><span style=\"color: #999999;\">.<\/span><\/p>\n<p><span style=\"color: #999999;\">.<\/span><\/p>\n<p><span style=\"color: #ccffff;\"><strong><em>Titres et dipl\u00f4mes\u00a0<\/em><\/strong><\/span><\/p>\n<p><span style=\"color: #ffffff;\"><strong>Etudes d&rsquo;esth\u00e9tique et sciences de l&rsquo;Art, Universit\u00e9 <\/strong><\/span><span style=\"color: #ffffff;\"><strong>de\u00a0<\/strong><\/span><span style=\"color: #ffffff;\"><strong>Paris VIII<\/strong><\/span><\/p>\n<p><span style=\"color: #ffffff;\"><strong>Atelier de dessin la Grande Chaumi\u00e8re, Paris<\/strong><\/span><\/p>\n<p><span style=\"color: #ffffff;\"><strong>Agr\u00e9gation d&rsquo;Arts Plastiques<\/strong><\/span><\/p>\n<p><span style=\"color: #ccffff;\"><strong><em>Parcours professionnel\u00a0<\/em><\/strong><\/span><\/p>\n<p><span style=\"color: #ffffff;\"><strong>Professeur d&rsquo;arts plastiques, de didactique des enseignements artistiques\u00a0<\/strong><\/span><span style=\"color: #ffffff;\"><strong>et d&rsquo;histoire des arts, IUFM N\u00eemes et Facult\u00e9 d&rsquo;Education Universit\u00e9 Montpellier.\u00a0<\/strong><\/span><span style=\"color: #ffffff;\"><strong>Commissaire d&rsquo;expositions et organisatrice de colloques et s\u00e9minaires d&rsquo;\u00e9tudes.<\/strong><\/span><\/p>\n<p style=\"color: #ffffff;\"><span style=\"color: #000000;\"><strong><span style=\"color: #ffffff;\">Christine Mirgalet s&rsquo;inscrit d\u00e9sormais pleinement dans le paysage artistique gardois. Install\u00e9e \u00e0 Uz\u00e8s, elle propose sur rendez-vous la visite de son atelier.<\/span>\u00a0<\/strong><\/span><\/p>\n","protected":false},"excerpt":{"rendered":"<p>Christine MIRGALET \u00a0 25\/02\/1953 . . . . . Titres et dipl\u00f4mes\u00a0 Etudes d&rsquo;esth\u00e9tique et sciences de l&rsquo;Art, Universit\u00e9 de\u00a0Paris VIII Atelier de dessin la Grande Chaumi\u00e8re, Paris Agr\u00e9gation d&rsquo;Arts [&hellip;]<\/p>\n","protected":false},"author":1,"featured_media":0,"parent":0,"menu_order":5,"comment_status":"open","ping_status":"closed","template":"","meta":{"footnotes":""},"class_list":["post-9","page","type-page","status-publish","hentry"],"_links":{"self":[{"href":"https:\/\/www.christinemirgalet.com\/index.php?rest_route=\/wp\/v2\/pages\/9","targetHints":{"allow":["GET"]}}],"collection":[{"href":"https:\/\/www.christinemirgalet.com\/index.php?rest_route=\/wp\/v2\/pages"}],"about":[{"href":"https:\/\/www.christinemirgalet.com\/index.php?rest_route=\/wp\/v2\/types\/page"}],"author":[{"embeddable":true,"href":"https:\/\/www.christinemirgalet.com\/index.php?rest_route=\/wp\/v2\/users\/1"}],"replies":[{"embeddable":true,"href":"https:\/\/www.christinemirgalet.com\/index.php?rest_route=%2Fwp%2Fv2%2Fcomments&post=9"}],"version-history":[{"count":66,"href":"https:\/\/www.christinemirgalet.com\/index.php?rest_route=\/wp\/v2\/pages\/9\/revisions"}],"predecessor-version":[{"id":9752,"href":"https:\/\/www.christinemirgalet.com\/index.php?rest_route=\/wp\/v2\/pages\/9\/revisions\/9752"}],"wp:attachment":[{"href":"https:\/\/www.christinemirgalet.com\/index.php?rest_route=%2Fwp%2Fv2%2Fmedia&parent=9"}],"curies":[{"name":"wp","href":"https:\/\/api.w.org\/{rel}","templated":true}]}}