{"id":4,"date":"2014-02-03T21:23:18","date_gmt":"2014-02-03T21:23:18","guid":{"rendered":"http:\/\/www.christinemirgalet.com\/?page_id=4"},"modified":"2021-01-30T16:04:06","modified_gmt":"2021-01-30T16:04:06","slug":"accueil","status":"publish","type":"page","link":"https:\/\/www.christinemirgalet.com\/","title":{"rendered":"Accueil \/ Home"},"content":{"rendered":"<p>[vc_row css=\u00a0\u00bb.vc_custom_1605282568814{margin-bottom: 50px !important;}\u00a0\u00bb][vc_column]<img decoding=\"async\" src=\"https:\/\/www.christinemirgalet.com\/wp-content\/uploads\/2020\/11\/Logo-Christine-Mirgalet.jpg\" class=\"aligncenter \"\/>[\/vc_column][\/vc_row][vc_row][vc_column width=\u00a0\u00bb1\/2&Prime;][vc_column_text]<strong>Pourquoi les poissons ?<\/strong> Essentiellement, parce que ce sont des \u00eatres vivants d&rsquo;une grande diversit\u00e9, mais qui n&rsquo;ont avec nous, humains, aucune interaction affective. Nous ne respirons pas le m\u00eame air. Dans le meilleur des cas, ils nous sont un divertissement dans des aquariums exotiques. Dans le pire (pour eux), ils sont dans notre assiette.<\/p>\n<p style=\"text-align: justify;\">Les poissons, sympathiques collaborateurs ! Il en existe tellement, de tant de sortes, formes, couleurs, d&rsquo;eaux douces ou sal\u00e9es, froides ou tropicales, de surface ou de grands fonds, sobres ou somptueux, que, quand je croirais en inventer un, miracle : il existe. Aucun de mes poissons n&rsquo;est pure invention.<\/p>\n<p style=\"text-align: justify;\">Mes poissons sont un sujet-pr\u00e9texte d&rsquo;une infinie richesse : les mers et les oc\u00e9ans sont devenus nos poubelles, mais aussi le cimeti\u00e8re des migrants fuyant la mis\u00e8re ou la guerre. Ils sont encore, n\u00e9anmoins, le lieu de nos r\u00eaves et \u00e9blouissements.<\/p>\n<p style=\"text-align: justify;\">Je travaille sur des s\u00e9ries, dont chacune d\u00e9cline un th\u00e8me et une proc\u00e9dure.<\/p>\n<p>[\/vc_column_text][\/vc_column][vc_column width=\u00a0\u00bb1\/2&Prime;][vc_column_text]<\/p>\n<p style=\"text-align: justify;\"><span style=\"color: #ccffff;\"><strong>Why fisch ?<\/strong> Perhaps because, despite their formidable diversity and status as living creatures, their interaction with humans is at a minimum. We do not breathe the same air. At best they are an exotic diversion in aquariums. At worst (for them), we serve them up on plates.<\/span><\/p>\n<p style=\"text-align: justify;\"><span style=\"color: #ccffff;\">Fish are my friendly collaborators. They exist plentifully in all shapes and colours, in waters salty and fresh, freezing and tropical, near the surface or in some deep abyss, so that even when I believe I\u2019m inventing a fish, it already exists. None of my creations is pure invention.<\/span><\/p>\n<p style=\"text-align: justify;\"><span style=\"color: #ccffff;\">Fish are, for me, endlessly fascinating. \u00a0the seas and oceans have become\u00a0our rubbish, but also the graveyard of migrants fleeing misery or war. They are still, however, the place of our dreams and dazzles.<\/span><\/p>\n<p style=\"text-align: justify;\"><span style=\"color: #ccffff;\">Each serie I create is themed by subject and\/or technique.<\/span><\/p>\n<p>[\/vc_column_text][vc_column_text][\/vc_column_text][\/vc_column][\/vc_row]<\/p>\n","protected":false},"excerpt":{"rendered":"<p>[vc_row css=\u00a0\u00bb.vc_custom_1605282568814{margin-bottom: 50px !important;}\u00a0\u00bb][vc_column][\/vc_column][\/vc_row][vc_row][vc_column width=\u00a0\u00bb1\/2&Prime;][vc_column_text]Pourquoi les poissons ? Essentiellement, parce que ce sont des \u00eatres vivants d&rsquo;une grande diversit\u00e9, mais qui n&rsquo;ont avec nous, humains, aucune interaction affective. Nous ne [&hellip;]<\/p>\n","protected":false},"author":1,"featured_media":0,"parent":0,"menu_order":1,"comment_status":"open","ping_status":"closed","template":"","meta":{"footnotes":""},"class_list":["post-4","page","type-page","status-publish","hentry"],"_links":{"self":[{"href":"https:\/\/www.christinemirgalet.com\/index.php?rest_route=\/wp\/v2\/pages\/4","targetHints":{"allow":["GET"]}}],"collection":[{"href":"https:\/\/www.christinemirgalet.com\/index.php?rest_route=\/wp\/v2\/pages"}],"about":[{"href":"https:\/\/www.christinemirgalet.com\/index.php?rest_route=\/wp\/v2\/types\/page"}],"author":[{"embeddable":true,"href":"https:\/\/www.christinemirgalet.com\/index.php?rest_route=\/wp\/v2\/users\/1"}],"replies":[{"embeddable":true,"href":"https:\/\/www.christinemirgalet.com\/index.php?rest_route=%2Fwp%2Fv2%2Fcomments&post=4"}],"version-history":[{"count":78,"href":"https:\/\/www.christinemirgalet.com\/index.php?rest_route=\/wp\/v2\/pages\/4\/revisions"}],"predecessor-version":[{"id":1379,"href":"https:\/\/www.christinemirgalet.com\/index.php?rest_route=\/wp\/v2\/pages\/4\/revisions\/1379"}],"wp:attachment":[{"href":"https:\/\/www.christinemirgalet.com\/index.php?rest_route=%2Fwp%2Fv2%2Fmedia&parent=4"}],"curies":[{"name":"wp","href":"https:\/\/api.w.org\/{rel}","templated":true}]}}