{"id":33,"date":"2014-02-03T21:56:39","date_gmt":"2014-02-03T21:56:39","guid":{"rendered":"http:\/\/www.christinemirgalet.com\/?page_id=33"},"modified":"2025-04-22T15:22:42","modified_gmt":"2025-04-22T15:22:42","slug":"expositions-projets","status":"publish","type":"page","link":"https:\/\/www.christinemirgalet.com\/?page_id=33","title":{"rendered":"Expositions, projets \/ Exhibitions, projects"},"content":{"rendered":"<p><span style=\"color: #ccffff;\"><strong><em>Bient\u00f4t \/ Soon<\/em><\/strong><\/span><\/p>\n<p>31 mai &#8211; 01 juin : <em>Balade d&rsquo;art aux jardins<\/em> , expo collective dans les cours et jardins du quartier Gide, UZES<\/p>\n<p><span style=\"color: #ccffff;\"><strong><em>Avant<span style=\"color: #ccffff;\"> \/ Before<\/span><\/em><\/strong><\/span><\/p>\n<p><span style=\"color: #ffffff;\">18 mars &#8211; 11 avril 2025 : <i>Tous semblables, tous diff\u00e9rents,\u00a0<\/i>galerie de la Facult\u00e9 d&rsquo;Education, NIMES<\/span><\/p>\n<p>31 mars &#8211; 12 mai 2024 : <em>Poissons d&rsquo;avril<\/em>, Jardin M\u00e9di\u00e9val, UZES<\/p>\n<p>23, 24, 25 f\u00e9vrier 2024 : <em>Talents de femmes<\/em>, Soroptimists, \u00e9v\u00each\u00e9, UZES<\/p>\n<p>15 &#8211; 23 septembre 2023 : <em>Pisciculture<\/em>, galerie Joseph Monier, rue de la Fontaine, 30700 St QUENTIN LA POTERIE<\/p>\n<p>17, 18, 19 mars 2023 : <em>Talents de femmes<\/em>, Soroptimists, \u00e9v\u00each\u00e9, UZES<\/p>\n<p>1er d\u00e9cembre 2022 &#8211; 8 f\u00e9vrier 2023 : <em>Retour de p\u00eache,\u00a0<\/em><span style=\"color: #ffffff;\">Chez Aldo, 28 Rue Audemar Tibido, MARSEILLE<\/span><\/p>\n<p>1er avril &#8211; 30 septembre 2022 : Galerie <em>Vue sur Cours<\/em>, 5 bis Cours Mirabeau, Narbonne<\/p>\n<p>12-26 f\u00e9vrier 2022 : <em>Talents de femmes<\/em>,\u00a0\u00a0clo\u00eetre St Louis, AVIGNON<\/p>\n<p>7 et 8 ao\u00fbt 2021 : salon <em>Art et Papiers<\/em>, <span style=\"color: #ffffff;\">30360 VEZENOBRES<\/span><\/p>\n<p>17, 18 juillet 2021 : <em>Cours et jardins des Arts<\/em>, VERS-PONT-DU-GARD<\/p>\n<p>1er avril &#8211; 18 mai 2021 : <em>Mes poissons d&rsquo;avril<\/em>, Jardin M\u00e9di\u00e9val, 30700 UZES<\/p>\n<p><span style=\"color: #ffffff;\">24 juillet &#8211; 4 ao\u00fbt 2020 : salle m\u00e9di\u00e9vale, 30360 VEZENOBRES<\/span><\/p>\n<p><span style=\"color: #ffffff;\">juillet 2020 : <em>Cours &amp; Jardins<\/em>, 30210 VERS-PONT DU GARD<\/span><\/p>\n<p><span style=\"color: #ffffff;\">novembre 2019 :\u00a0<em>Vivre-Livre<\/em>, \u00a030500\u00a0St AMBROIX<\/span><\/p>\n<p><span style=\"color: #ffffff;\">septembre 2019 :\u00a0<em>Escapades d&rsquo;automne<\/em>, \u00a030360 MARTIGNARGUES \u00a0\u00a0<\/span><\/p>\n<p><span style=\"color: #ffffff;\">septembre 2019, expo collective, 30700 ST QUENTIN LA POTERIE<\/span><\/p>\n<p><span style=\"color: #ffffff;\">juillet 2019 :\u00a0<em>Cours &amp; jardins des arts<\/em>, VERS-PONT-DU-GARD \u00a0 \u00a0 \u00a0 \u00a0 \u00a0 \u00a0 \u00a0 \u00a0 \u00a0 \u00a0 \u00a0 \u00a0 \u00a0 \u00a0 \u00a0 \u00a0 \u00a0 \u00a0 \u00a0 \u00a0 \u00a0 \u00a0 \u00a0 \u00a0 \u00a0 \u00a0 \u00a0 \u00a0 \u00a0 \u00a0 \u00a0 \u00a0 \u00a0<br \/><\/span><\/p>\n<p><span style=\"color: #ffffff;\">mai 2019, expo collective, 30700 ST SIFFRET<\/span><\/p>\n<p><span style=\"color: #ffffff;\">novembre 2018 :\u00a0<em>Pisciculture<\/em>, galerie des Capucins, UZES<br \/><\/span><\/p>\n<p><span style=\"color: #ffffff;\">novembre 2018 : Tour Philippe Le Bel, VILLENEUVE LES AVIGNON<\/span><\/p>\n<p><span style=\"color: #ffffff;\">juillet-ao\u00fbt-septembre 2018, galerie\u00a0<em>Vue sur Cours, <\/em>11100 NARBONNE<img loading=\"lazy\" decoding=\"async\" class=\"wp-image-928 alignright\" src=\"https:\/\/www.christinemirgalet.com\/wp-content\/uploads\/2015\/08\/affiche-Jpeg-212x300.jpg\" alt=\"\" width=\"285\" height=\"403\" srcset=\"https:\/\/www.christinemirgalet.com\/wp-content\/uploads\/2015\/08\/affiche-Jpeg-212x300.jpg 212w, https:\/\/www.christinemirgalet.com\/wp-content\/uploads\/2015\/08\/affiche-Jpeg-600x848.jpg 600w, https:\/\/www.christinemirgalet.com\/wp-content\/uploads\/2015\/08\/affiche-Jpeg-725x1024.jpg 725w, https:\/\/www.christinemirgalet.com\/wp-content\/uploads\/2015\/08\/affiche-Jpeg.jpg 1241w\" sizes=\"auto, (max-width: 285px) 100vw, 285px\" \/><\/span><\/p>\n<p><span style=\"color: #ffffff;\">mai &#8211; juillet 2018 :\u00a0<em>Chez Aldo<\/em>, MARSEILLE<\/span><\/p>\n<p><span style=\"color: #ffffff;\">juin &#8211; 1er juillet, expo collective,\u00a0<em>Arts en Vaunage<\/em>,\u00a030420, CALVISSON\u00a0<\/span><\/p>\n<p><span style=\"color: #ffffff;\">mai &#8211; juin 2018,\u00a0ancien \u00e9v\u00each\u00e9 :\u00a0<em>Pluri&rsquo;elles<\/em>.\u00a0Expo collective, UZES.<\/span><\/p>\n<p><span style=\"color: #ffffff;\">mai 2018 :\u00a0<em>Art et Papiers<\/em>, expo collective,\u00a0\u00a030360 VEZENOBRES<\/span><\/p>\n<p><span style=\"color: #ffffff;\">mars 2018, ancien \u00e9v\u00each\u00e9 :\u00a0<em>Talents de Femmes<\/em>. Expo collective, UZES.<\/span><\/p>\n<p><span style=\"color: #ffffff;\">sept- oct 2017, Festival International de G\u00e9ographie :\u00a0<em>Territoires humains, mondes animaux<\/em>.\u00a0<\/span><\/p>\n<p><span style=\"color: #ffffff;\">ST DI\u00c9 DES VOSGES<\/span><\/p>\n<p><span style=\"color: #ffffff;\">juillet 2017 :\u00a0<em>Rencontre.<\/em> Expo duo avec l&rsquo;artiste Brigitte Coirier, galerie Espace Capucins, UZES\u00a0<\/span><\/p>\n<p><span style=\"color: #ffffff;\">depuis octobre 2016, d\u00e9p\u00f4t \u00e0 la galerie\u00a0<em>Vue sur Cours,\u00a0<\/em>NARBONNE \u00a0 \u00a0 \u00a0 \u00a0 \u00a0 \u00a0 \u00a0 \u00a0 \u00a0 \u00a0 \u00a0 \u00a0 \u00a0 \u00a0<br \/><\/span><\/p>\n<p><span style=\"color: #ffffff;\">mars 2017 : \u00a0<em>M\u00e9moires g\u00e9ographiques<\/em>, m\u00e9diath\u00e8que, 30700 MONTAREN<\/span><\/p>\n<p><span style=\"font-size: inherit;\">novembre 2016, Expo collective Tour Philippe Le Bel, VILLENEUVE LES AVIGNON<br \/><\/span><\/p>\n<p><span style=\"color: #ffffff;\">juillet-ao\u00fbt-septembre 2016, galerie\u00a0<em>Vue sur Cours, <\/em>NARBONNE<\/span><\/p>\n<p><span style=\"color: #ffffff;\">septembre 2016 : <em>Ichtyographies,\u00a0<\/em>galerie\u00a0<em>L&rsquo;Ancienne Forge,\u00a0<\/em>\u00a034210 SIRAN<img loading=\"lazy\" decoding=\"async\" class=\"alignright  wp-image-768\" src=\"https:\/\/www.christinemirgalet.com\/wp-content\/uploads\/2015\/01\/invitation-300x125.jpg\" alt=\"\" width=\"350\" height=\"146\" srcset=\"https:\/\/www.christinemirgalet.com\/wp-content\/uploads\/2015\/01\/invitation-300x125.jpg 300w, https:\/\/www.christinemirgalet.com\/wp-content\/uploads\/2015\/01\/invitation-600x250.jpg 600w, https:\/\/www.christinemirgalet.com\/wp-content\/uploads\/2015\/01\/invitation-1024x427.jpg 1024w, https:\/\/www.christinemirgalet.com\/wp-content\/uploads\/2015\/01\/invitation.jpg 1240w\" sizes=\"auto, (max-width: 350px) 100vw, 350px\" \/><br \/><\/span><\/p>\n<p><span style=\"color: #ffffff;\">mai 2016 : Salon\u00a0<em>Art et Papiers,<\/em> VEZENOBRES<\/span><\/p>\n<p><span style=\"color: #ffffff;\">mai 2016 : Expo collective, REMOULINS<\/span><\/p>\n<p><span style=\"color: #ffffff;\">f\u00e9vrier &#8211; avril 2016 : <em>Cartes et Portulans<\/em>, Chez Aldo, 13008 MARSEILLE<\/span><\/p>\n<p><span style=\"color: #ffffff;\">novembre 2015 &#8211; f\u00e9vrier 2016 : <em>L&rsquo;ivresse des profondeurs<\/em>, Auberge Gardoise, \u00a0VALLERARGUES\u00a0<\/span><\/p>\n<p><span style=\"color: #ffffff;\">d\u00e9cembre 2015 : <em>Kdos d&rsquo;Artistes<\/em>, expo collective, ancien \u00e9v\u00each\u00e9 d&rsquo;UZES \u00a0 \u00a0 \u00a0 \u00a0 \u00a0 \u00a0 \u00a0 \u00a0 \u00a0 \u00a0 \u00a0 \u00a0 \u00a0 \u00a0 \u00a0 \u00a0 \u00a0 \u00a0 \u00a0 \u00a0 \u00a0 \u00a0 \u00a0 \u00a0 \u00a0 \u00a0 \u00a0 \u00a0 \u00a0 \u00a0 \u00a0 \u00a0 \u00a0 \u00a0 \u00a0 \u00a0 \u00a0 \u00a0 \u00a0 \u00a0 <img loading=\"lazy\" decoding=\"async\" class=\"wp-image-859 alignright\" src=\"https:\/\/www.christinemirgalet.com\/wp-content\/uploads\/2015\/03\/7-affiche-MDA-212x300.jpg\" alt=\"\" width=\"291\" height=\"412\" srcset=\"https:\/\/www.christinemirgalet.com\/wp-content\/uploads\/2015\/03\/7-affiche-MDA-212x300.jpg 212w, https:\/\/www.christinemirgalet.com\/wp-content\/uploads\/2015\/03\/7-affiche-MDA-600x848.jpg 600w, https:\/\/www.christinemirgalet.com\/wp-content\/uploads\/2015\/03\/7-affiche-MDA-725x1024.jpg 725w, https:\/\/www.christinemirgalet.com\/wp-content\/uploads\/2015\/03\/7-affiche-MDA.jpg 1241w\" sizes=\"auto, (max-width: 291px) 100vw, 291px\" \/><\/span><\/p>\n<p><span style=\"color: #ffffff;\">ao\u00fbt 2015 : <em>Mont\u00e9e des eaux.\u00a0<\/em>Galerie des Capucins, UZES<\/span><\/p>\n<p><span style=\"color: #ffffff;\">juin 2015 : <em>Salon Art &amp; Papiers<\/em>, Expo collective. VEZENOBRES<\/span><\/p>\n<p><span style=\"color: #ffffff;\">avril &#8211; mai 2015 : <em>Dans le poisson, tout est bon !<\/em> M.D.A., NIMES \u00a0 \u00a0 \u00a0 \u00a0 \u00a0 \u00a0 \u00a0 \u00a0 \u00a0 \u00a0 \u00a0 \u00a0 \u00a0 \u00a0 \u00a0 \u00a0 \u00a0 \u00a0 \u00a0 \u00a0 \u00a0 \u00a0 \u00a0 \u00a0 \u00a0 \u00a0 \u00a0 \u00a0 \u00a0 \u00a0 \u00a0 \u00a0 \u00a0<br \/><\/span><\/p>\n<p><span style=\"color: #ffffff;\">f\u00e9vrier 2015 : <em>Talents de femmes,<\/em>\u00a0Expo collective. Ancien \u00e9v\u00each\u00e9 d&rsquo;UZES<\/span><\/p>\n<p><span style=\"color: #ffffff;\">d\u00e9cembre 2014\u00a0 &#8211; avril 2015\u00a0: <em>L&rsquo;ivresse des profondeurs.<\/em>\u00a0Domaine de l&rsquo;Orviel, St JEAN DE SERRES<\/span><\/p>\n<p><span style=\"color: #ffffff;\">d\u00e9cembre 2014 : <em>Kdos d&rsquo;artistes<\/em>, expo collective. Ancien \u00e9v\u00each\u00e9 d&rsquo;UZES \u00a0 \u00a0 \u00a0 \u00a0 \u00a0 \u00a0 \u00a0 \u00a0 \u00a0 \u00a0 \u00a0 \u00a0 \u00a0 \u00a0 \u00a0 \u00a0 \u00a0 \u00a0 \u00a0 \u00a0 \u00a0 \u00a0 \u00a0 \u00a0 \u00a0\u00a0<\/span><\/p>\n<p><span style=\"color: #ffffff;\">novembre 2014 : <em>Dans le poisson, tout est bon. <\/em>\u00a0LAUDUN &#8211; L&rsquo;ARDOISE<\/span><\/p>\n<p><span style=\"color: #ffffff;\">ao\u00fbt 2014 : <em>Pisciculture.\u00a0 <\/em>Galerie des Capucins, UZES<\/span><\/p>\n<p><span style=\"color: #ffffff;\">juillet 2014 : <em>Cours &amp; Jardins des Arts. <\/em>Expo collective, VERS-PONT DU GARD<\/span><\/p>\n<p><span style=\"color: #ffffff;\">d\u00e9cembre 2013 &#8211; avril 2014 : <em>Ichtyographies<\/em>. galerie de la Facult\u00e9 d&rsquo;Education, NIMES<\/span><\/p>\n\n\n<p>\u00a0<\/p>\n<p>\u00a0<\/p>\n","protected":false},"excerpt":{"rendered":"<p>Bient\u00f4t \/ Soon 31 mai &#8211; 01 juin : Balade d&rsquo;art aux jardins , expo collective dans les cours et jardins du quartier Gide, UZES Avant \/ Before 18 mars [&hellip;]<\/p>\n","protected":false},"author":1,"featured_media":0,"parent":0,"menu_order":3,"comment_status":"open","ping_status":"closed","template":"","meta":{"footnotes":""},"class_list":["post-33","page","type-page","status-publish","hentry"],"_links":{"self":[{"href":"https:\/\/www.christinemirgalet.com\/index.php?rest_route=\/wp\/v2\/pages\/33","targetHints":{"allow":["GET"]}}],"collection":[{"href":"https:\/\/www.christinemirgalet.com\/index.php?rest_route=\/wp\/v2\/pages"}],"about":[{"href":"https:\/\/www.christinemirgalet.com\/index.php?rest_route=\/wp\/v2\/types\/page"}],"author":[{"embeddable":true,"href":"https:\/\/www.christinemirgalet.com\/index.php?rest_route=\/wp\/v2\/users\/1"}],"replies":[{"embeddable":true,"href":"https:\/\/www.christinemirgalet.com\/index.php?rest_route=%2Fwp%2Fv2%2Fcomments&post=33"}],"version-history":[{"count":150,"href":"https:\/\/www.christinemirgalet.com\/index.php?rest_route=\/wp\/v2\/pages\/33\/revisions"}],"predecessor-version":[{"id":13987,"href":"https:\/\/www.christinemirgalet.com\/index.php?rest_route=\/wp\/v2\/pages\/33\/revisions\/13987"}],"wp:attachment":[{"href":"https:\/\/www.christinemirgalet.com\/index.php?rest_route=%2Fwp%2Fv2%2Fmedia&parent=33"}],"curies":[{"name":"wp","href":"https:\/\/api.w.org\/{rel}","templated":true}]}}