{"id":1437,"date":"2020-11-14T12:37:10","date_gmt":"2020-11-14T12:37:10","guid":{"rendered":"https:\/\/www.christinemirgalet.com\/?page_id=1437"},"modified":"2020-11-17T07:58:33","modified_gmt":"2020-11-17T07:58:33","slug":"oeuvres-works","status":"publish","type":"page","link":"https:\/\/www.christinemirgalet.com\/?page_id=1437","title":{"rendered":"Oeuvres\/Works"},"content":{"rendered":"<p>[vc_row][vc_column]<div class=\"dt-sc-portfolio-container with-space\"><div id=\"dt_portfolios-1853\" class=\"type1 with-space portfolio column dt-sc-one-third first uncategorized-sort\">\t<figure>\t\t<img decoding=\"async\" src=\"https:\/\/www.christinemirgalet.com\/wp-content\/uploads\/2023\/06\/ile-dYeu-scaled.jpg\" alt=\"Je vais \u00e0 la plage\" title=\"Je vais \u00e0 la plage\"\/><div class=\"image-overlay\"><div class=\"links\"><a title=\"Je vais \u00e0 la plage\" href=\"https:\/\/www.christinemirgalet.com\/?dt_portfolios=je-vais-a-la-plage\"><span class=\"icon icon-linked\"> <\/span><\/a><a title=\"Je vais \u00e0 la plage\" data-gal=\"prettyPhoto[gallery]\" href=\"https:\/\/www.christinemirgalet.com\/wp-content\/uploads\/2023\/06\/ile-dYeu-scaled.jpg\">\t<span class=\"icon icon-search\"> <\/span> <\/a><\/div><div class=\"image-overlay-details\">\t<h2><a title=\"Je vais \u00e0 la plage\" href=\"https:\/\/www.christinemirgalet.com\/?dt_portfolios=je-vais-a-la-plage\">Je vais \u00e0 la plage<\/a><\/h2><p class='categories'><a href=\"https:\/\/www.christinemirgalet.com\/?portfolio_entries=uncategorized\" rel=\"tag\">Uncategorized<\/a><\/p><\/div>\t\t<\/div>\t<\/figure><\/div><div id=\"dt_portfolios-1798\" class=\"type1 with-space portfolio column dt-sc-one-third uncategorized-sort\">\t<figure>\t\t<img decoding=\"async\" src=\"https:\/\/www.christinemirgalet.com\/wp-content\/uploads\/2021\/11\/C.Mirgalet-35x95cm-scaled.jpg\" alt=\"LES PR\u00c9DATEURS\" title=\"LES PR\u00c9DATEURS\"\/><div class=\"image-overlay\"><div class=\"links\"><a title=\"LES PR\u00c9DATEURS\" href=\"https:\/\/www.christinemirgalet.com\/?dt_portfolios=dans-la-vase\"><span class=\"icon icon-linked\"> <\/span><\/a><a title=\"LES PR\u00c9DATEURS\" data-gal=\"prettyPhoto[gallery]\" href=\"https:\/\/www.christinemirgalet.com\/wp-content\/uploads\/2021\/11\/C.Mirgalet-35x95cm-scaled.jpg\">\t<span class=\"icon icon-search\"> <\/span> <\/a><\/div><div class=\"image-overlay-details\">\t<h2><a title=\"LES PR\u00c9DATEURS\" href=\"https:\/\/www.christinemirgalet.com\/?dt_portfolios=dans-la-vase\">LES PR\u00c9DATEURS<\/a><\/h2><p class='categories'><a href=\"https:\/\/www.christinemirgalet.com\/?portfolio_entries=uncategorized\" rel=\"tag\">Uncategorized<\/a><\/p><\/div>\t\t<\/div>\t<\/figure><\/div><div id=\"dt_portfolios-1480\" class=\"type1 with-space portfolio column dt-sc-one-third uncategorized-sort\">\t<figure>\t\t<img decoding=\"async\" src=\"https:\/\/www.christinemirgalet.com\/wp-content\/uploads\/2020\/11\/IMG_20201122_105027-1-scaled.jpg\" alt=\"Petits poissons pr\u00e9cieux\" title=\"Petits poissons pr\u00e9cieux\"\/><div class=\"image-overlay\"><div class=\"links\"><a title=\"Petits poissons pr\u00e9cieux\" href=\"https:\/\/www.christinemirgalet.com\/?dt_portfolios=petits-poissons-precieux\"><span class=\"icon icon-linked\"> <\/span><\/a><a title=\"Petits poissons pr\u00e9cieux\" data-gal=\"prettyPhoto[gallery]\" href=\"https:\/\/www.christinemirgalet.com\/wp-content\/uploads\/2020\/11\/IMG_20201122_105027-1-scaled.jpg\">\t<span class=\"icon icon-search\"> <\/span> <\/a><\/div><div class=\"image-overlay-details\">\t<h2><a title=\"Petits poissons pr\u00e9cieux\" href=\"https:\/\/www.christinemirgalet.com\/?dt_portfolios=petits-poissons-precieux\">Petits poissons pr\u00e9cieux<\/a><\/h2><p class='categories'><a href=\"https:\/\/www.christinemirgalet.com\/?portfolio_entries=uncategorized\" rel=\"tag\">Uncategorized<\/a><\/p><\/div>\t\t<\/div>\t<\/figure><\/div><div id=\"dt_portfolios-1478\" class=\"type1 with-space portfolio column dt-sc-one-third first uncategorized-sort\">\t<figure>\t\t<img decoding=\"async\" src=\"https:\/\/www.christinemirgalet.com\/wp-content\/uploads\/2023\/06\/Geographie-4.jpeg\" alt=\"G\u00e9ographie \u00e0 marche forc\u00e9e\" title=\"G\u00e9ographie \u00e0 marche forc\u00e9e\"\/><div class=\"image-overlay\"><div class=\"links\"><a title=\"G\u00e9ographie \u00e0 marche forc\u00e9e\" href=\"https:\/\/www.christinemirgalet.com\/?dt_portfolios=geographie-a-marche-forcee\"><span class=\"icon icon-linked\"> <\/span><\/a><a title=\"G\u00e9ographie \u00e0 marche forc\u00e9e\" data-gal=\"prettyPhoto[gallery]\" href=\"https:\/\/www.christinemirgalet.com\/wp-content\/uploads\/2023\/06\/Geographie-4.jpeg\">\t<span class=\"icon icon-search\"> <\/span> <\/a><\/div><div class=\"image-overlay-details\">\t<h2><a title=\"G\u00e9ographie \u00e0 marche forc\u00e9e\" href=\"https:\/\/www.christinemirgalet.com\/?dt_portfolios=geographie-a-marche-forcee\">G\u00e9ographie \u00e0 marche forc\u00e9e<\/a><\/h2><p class='categories'><a href=\"https:\/\/www.christinemirgalet.com\/?portfolio_entries=uncategorized\" rel=\"tag\">Uncategorized<\/a><\/p><\/div>\t\t<\/div>\t<\/figure><\/div><div id=\"dt_portfolios-1475\" class=\"type1 with-space portfolio column dt-sc-one-third uncategorized-sort\">\t<figure>\t\t<img decoding=\"async\" src=\"https:\/\/www.christinemirgalet.com\/wp-content\/uploads\/2020\/11\/1-Mediterranee-Sardaigne-.jpg\" alt=\"Portulans\" title=\"Portulans\"\/><div class=\"image-overlay\"><div class=\"links\"><a title=\"Portulans\" href=\"https:\/\/www.christinemirgalet.com\/?dt_portfolios=portulans\"><span class=\"icon icon-linked\"> <\/span><\/a><a title=\"Portulans\" data-gal=\"prettyPhoto[gallery]\" href=\"https:\/\/www.christinemirgalet.com\/wp-content\/uploads\/2020\/11\/1-Mediterranee-Sardaigne-.jpg\">\t<span class=\"icon icon-search\"> <\/span> <\/a><\/div><div class=\"image-overlay-details\">\t<h2><a title=\"Portulans\" href=\"https:\/\/www.christinemirgalet.com\/?dt_portfolios=portulans\">Portulans<\/a><\/h2><p class='categories'><a href=\"https:\/\/www.christinemirgalet.com\/?portfolio_entries=uncategorized\" rel=\"tag\">Uncategorized<\/a><\/p><\/div>\t\t<\/div>\t<\/figure><\/div><div id=\"dt_portfolios-1472\" class=\"type1 with-space portfolio column dt-sc-one-third uncategorized-sort\">\t<figure>\t\t<img decoding=\"async\" src=\"https:\/\/www.christinemirgalet.com\/wp-content\/uploads\/2016\/05\/IGP6142.jpg\" alt=\"Atlas gourmand\" title=\"Atlas gourmand\"\/><div class=\"image-overlay\"><div class=\"links\"><a title=\"Atlas gourmand\" href=\"https:\/\/www.christinemirgalet.com\/?dt_portfolios=atlas-gourmand\"><span class=\"icon icon-linked\"> <\/span><\/a><a title=\"Atlas gourmand\" data-gal=\"prettyPhoto[gallery]\" href=\"https:\/\/www.christinemirgalet.com\/wp-content\/uploads\/2016\/05\/IGP6142.jpg\">\t<span class=\"icon icon-search\"> <\/span> <\/a><\/div><div class=\"image-overlay-details\">\t<h2><a title=\"Atlas gourmand\" href=\"https:\/\/www.christinemirgalet.com\/?dt_portfolios=atlas-gourmand\">Atlas gourmand<\/a><\/h2><p class='categories'><a href=\"https:\/\/www.christinemirgalet.com\/?portfolio_entries=uncategorized\" rel=\"tag\">Uncategorized<\/a><\/p><\/div>\t\t<\/div>\t<\/figure><\/div><div id=\"dt_portfolios-1466\" class=\"type1 with-space portfolio column dt-sc-one-third first uncategorized-sort\">\t<figure>\t\t<img decoding=\"async\" src=\"https:\/\/www.christinemirgalet.com\/wp-content\/uploads\/2019\/10\/Pouilly-Vinzelles-35x50cm-scaled.jpg\" alt=\"L&rsquo;ivresse des profondeurs\" title=\"L&rsquo;ivresse des profondeurs\"\/><div class=\"image-overlay\"><div class=\"links\"><a title=\"L&rsquo;ivresse des profondeurs\" href=\"https:\/\/www.christinemirgalet.com\/?dt_portfolios=la-rencontre-hedoniste-du-vin-et-du-poisson\"><span class=\"icon icon-linked\"> <\/span><\/a><a title=\"L&rsquo;ivresse des profondeurs\" data-gal=\"prettyPhoto[gallery]\" href=\"https:\/\/www.christinemirgalet.com\/wp-content\/uploads\/2019\/10\/Pouilly-Vinzelles-35x50cm-scaled.jpg\">\t<span class=\"icon icon-search\"> <\/span> <\/a><\/div><div class=\"image-overlay-details\">\t<h2><a title=\"L&rsquo;ivresse des profondeurs\" href=\"https:\/\/www.christinemirgalet.com\/?dt_portfolios=la-rencontre-hedoniste-du-vin-et-du-poisson\">L&rsquo;ivresse des profondeurs<\/a><\/h2><p class='categories'><a href=\"https:\/\/www.christinemirgalet.com\/?portfolio_entries=uncategorized\" rel=\"tag\">Uncategorized<\/a><\/p><\/div>\t\t<\/div>\t<\/figure><\/div><div id=\"dt_portfolios-1416\" class=\"type1 with-space portfolio column dt-sc-one-third uncategorized-sort\">\t<figure>\t\t<img decoding=\"async\" src=\"https:\/\/www.christinemirgalet.com\/wp-content\/uploads\/2016\/07\/Vache-qui-rit.jpg\" alt=\"Ichtyographies\" title=\"Ichtyographies\"\/><div class=\"image-overlay\"><div class=\"links\"><a title=\"Ichtyographies\" href=\"https:\/\/www.christinemirgalet.com\/?dt_portfolios=ichtyographies\"><span class=\"icon icon-linked\"> <\/span><\/a><a title=\"Ichtyographies\" data-gal=\"prettyPhoto[gallery]\" href=\"https:\/\/www.christinemirgalet.com\/wp-content\/uploads\/2016\/07\/Vache-qui-rit.jpg\">\t<span class=\"icon icon-search\"> <\/span> <\/a><\/div><div class=\"image-overlay-details\">\t<h2><a title=\"Ichtyographies\" href=\"https:\/\/www.christinemirgalet.com\/?dt_portfolios=ichtyographies\">Ichtyographies<\/a><\/h2><p class='categories'><a href=\"https:\/\/www.christinemirgalet.com\/?portfolio_entries=uncategorized\" rel=\"tag\">Uncategorized<\/a><\/p><\/div>\t\t<\/div>\t<\/figure><\/div><div id=\"dt_portfolios-1364\" class=\"type1 with-space portfolio column dt-sc-one-third uncategorized-sort\">\t<figure>\t\t<img decoding=\"async\" src=\"https:\/\/www.christinemirgalet.com\/wp-content\/uploads\/2019\/10\/IGP6773.jpg\" alt=\"Emballez, c&rsquo;est pes\u00e9 !\" title=\"Emballez, c&rsquo;est pes\u00e9 !\"\/><div class=\"image-overlay\"><div class=\"links\"><a title=\"Emballez, c&rsquo;est pes\u00e9 !\" href=\"https:\/\/www.christinemirgalet.com\/?dt_portfolios=emballez-cest-pese\"><span class=\"icon icon-linked\"> <\/span><\/a><a title=\"Emballez, c&rsquo;est pes\u00e9 !\" data-gal=\"prettyPhoto[gallery]\" href=\"https:\/\/www.christinemirgalet.com\/wp-content\/uploads\/2019\/10\/IGP6773.jpg\">\t<span class=\"icon icon-search\"> <\/span> <\/a><\/div><div class=\"image-overlay-details\">\t<h2><a title=\"Emballez, c&rsquo;est pes\u00e9 !\" href=\"https:\/\/www.christinemirgalet.com\/?dt_portfolios=emballez-cest-pese\">Emballez, c&rsquo;est pes\u00e9 !<\/a><\/h2><p class='categories'><a href=\"https:\/\/www.christinemirgalet.com\/?portfolio_entries=uncategorized\" rel=\"tag\">Uncategorized<\/a><\/p><\/div>\t\t<\/div>\t<\/figure><\/div><\/div>[\/vc_column][\/vc_row]<\/p>\n","protected":false},"excerpt":{"rendered":"<p>[vc_row][vc_column][\/vc_column][\/vc_row]<\/p>\n","protected":false},"author":2,"featured_media":0,"parent":0,"menu_order":0,"comment_status":"closed","ping_status":"closed","template":"","meta":{"footnotes":""},"class_list":["post-1437","page","type-page","status-publish","hentry"],"_links":{"self":[{"href":"https:\/\/www.christinemirgalet.com\/index.php?rest_route=\/wp\/v2\/pages\/1437","targetHints":{"allow":["GET"]}}],"collection":[{"href":"https:\/\/www.christinemirgalet.com\/index.php?rest_route=\/wp\/v2\/pages"}],"about":[{"href":"https:\/\/www.christinemirgalet.com\/index.php?rest_route=\/wp\/v2\/types\/page"}],"author":[{"embeddable":true,"href":"https:\/\/www.christinemirgalet.com\/index.php?rest_route=\/wp\/v2\/users\/2"}],"replies":[{"embeddable":true,"href":"https:\/\/www.christinemirgalet.com\/index.php?rest_route=%2Fwp%2Fv2%2Fcomments&post=1437"}],"version-history":[{"count":9,"href":"https:\/\/www.christinemirgalet.com\/index.php?rest_route=\/wp\/v2\/pages\/1437\/revisions"}],"predecessor-version":[{"id":1629,"href":"https:\/\/www.christinemirgalet.com\/index.php?rest_route=\/wp\/v2\/pages\/1437\/revisions\/1629"}],"wp:attachment":[{"href":"https:\/\/www.christinemirgalet.com\/index.php?rest_route=%2Fwp%2Fv2%2Fmedia&parent=1437"}],"curies":[{"name":"wp","href":"https:\/\/api.w.org\/{rel}","templated":true}]}}